{"id":68,"date":"2021-09-27T10:07:03","date_gmt":"2021-09-27T10:07:03","guid":{"rendered":"http:\/\/www.ibicosmetics.it\/?page_id=68"},"modified":"2021-10-27T11:28:41","modified_gmt":"2021-10-27T11:28:41","slug":"bulkfilling","status":"publish","type":"page","link":"https:\/\/www.ibicosmetics.it\/en\/bulkfilling\/","title":{"rendered":"Bulk+Filling"},"content":{"rendered":"<div data-elementor-type=\"wp-page\" data-elementor-id=\"68\" class=\"elementor elementor-68\">\n\t\t\t\t\t\t\t\t\t<section class=\"elementor-section elementor-top-section elementor-element elementor-element-6e81c634 elementor-section-full_width elementor-section-height-min-height elementor-section-height-default elementor-section-items-middle\" data-id=\"6e81c634\" data-element_type=\"section\" data-settings=\"{&quot;background_background&quot;:&quot;classic&quot;}\">\n\t\t\t\t\t\t<div class=\"elementor-container elementor-column-gap-default\">\n\t\t\t\t\t<div class=\"elementor-column elementor-col-100 elementor-top-column elementor-element elementor-element-59b41e35\" data-id=\"59b41e35\" data-element_type=\"column\">\n\t\t\t<div class=\"elementor-widget-wrap elementor-element-populated\">\n\t\t\t\t\t\t\t\t<div class=\"elementor-element elementor-element-2c7e66c elementor-widget elementor-widget-heading\" data-id=\"2c7e66c\" data-element_type=\"widget\" data-widget_type=\"heading.default\">\n\t\t\t\t<div class=\"elementor-widget-container\">\n\t\t\t<style>\/*! elementor - v3.11.5 - 14-03-2023 *\/\n.elementor-heading-title{padding:0;margin:0;line-height:1}.elementor-widget-heading .elementor-heading-title[class*=elementor-size-]>a{color:inherit;font-size:inherit;line-height:inherit}.elementor-widget-heading .elementor-heading-title.elementor-size-small{font-size:15px}.elementor-widget-heading .elementor-heading-title.elementor-size-medium{font-size:19px}.elementor-widget-heading .elementor-heading-title.elementor-size-large{font-size:29px}.elementor-widget-heading .elementor-heading-title.elementor-size-xl{font-size:39px}.elementor-widget-heading .elementor-heading-title.elementor-size-xxl{font-size:59px}<\/style><h2 class=\"elementor-heading-title elementor-size-default\">Bulk + Filling<\/h2>\t\t<\/div>\n\t\t\t\t<\/div>\n\t\t\t\t\t<\/div>\n\t\t<\/div>\n\t\t\t\t\t\t\t<\/div>\n\t\t<\/section>\n\t\t\t\t<section class=\"elementor-section elementor-top-section elementor-element elementor-element-39955464 elementor-section-full_width elementor-section-height-default elementor-section-height-default\" data-id=\"39955464\" data-element_type=\"section\" data-settings=\"{&quot;background_background&quot;:&quot;classic&quot;}\">\n\t\t\t\t\t\t<div class=\"elementor-container elementor-column-gap-default\">\n\t\t\t\t\t<div class=\"elementor-column elementor-col-100 elementor-top-column elementor-element elementor-element-19e51a83\" data-id=\"19e51a83\" data-element_type=\"column\">\n\t\t\t<div class=\"elementor-widget-wrap elementor-element-populated\">\n\t\t\t\t\t\t\t\t<section class=\"elementor-section elementor-inner-section elementor-element elementor-element-4a6ee262 elementor-section-boxed elementor-section-height-default elementor-section-height-default\" data-id=\"4a6ee262\" data-element_type=\"section\">\n\t\t\t\t\t\t<div class=\"elementor-container elementor-column-gap-default\">\n\t\t\t\t\t<div class=\"elementor-column elementor-col-33 elementor-inner-column elementor-element elementor-element-e4988ad\" data-id=\"e4988ad\" data-element_type=\"column\">\n\t\t\t<div class=\"elementor-widget-wrap elementor-element-populated\">\n\t\t\t\t\t\t\t\t<div class=\"elementor-element elementor-element-4b0b6edc elementor-widget elementor-widget-heading\" data-id=\"4b0b6edc\" data-element_type=\"widget\" data-widget_type=\"heading.default\">\n\t\t\t\t<div class=\"elementor-widget-container\">\n\t\t\t<h2 class=\"elementor-heading-title elementor-size-default\">Collaboration and advice for the best result<\/h2>\t\t<\/div>\n\t\t\t\t<\/div>\n\t\t\t\t\t<\/div>\n\t\t<\/div>\n\t\t\t\t<div class=\"elementor-column elementor-col-33 elementor-inner-column elementor-element elementor-element-3f3a3901\" data-id=\"3f3a3901\" data-element_type=\"column\">\n\t\t\t<div class=\"elementor-widget-wrap elementor-element-populated\">\n\t\t\t\t\t\t\t\t<div class=\"elementor-element elementor-element-7127e013 elementor-widget elementor-widget-text-editor\" data-id=\"7127e013\" data-element_type=\"widget\" data-widget_type=\"text-editor.default\">\n\t\t\t\t<div class=\"elementor-widget-container\">\n\t\t\t<style>\/*! elementor - v3.11.5 - 14-03-2023 *\/\n.elementor-widget-text-editor.elementor-drop-cap-view-stacked .elementor-drop-cap{background-color:#818a91;color:#fff}.elementor-widget-text-editor.elementor-drop-cap-view-framed .elementor-drop-cap{color:#818a91;border:3px solid;background-color:transparent}.elementor-widget-text-editor:not(.elementor-drop-cap-view-default) .elementor-drop-cap{margin-top:8px}.elementor-widget-text-editor:not(.elementor-drop-cap-view-default) .elementor-drop-cap-letter{width:1em;height:1em}.elementor-widget-text-editor .elementor-drop-cap{float:left;text-align:center;line-height:1;font-size:50px}.elementor-widget-text-editor .elementor-drop-cap-letter{display:inline-block}<\/style>\t\t\t\t<p><span style=\"font-weight: 400;\">With bulk and filling we offer customers the possibility of filling with the packaging they provide. This after a accurate study of runnability. Here also, transparency is fundamental: the customer receives<\/span><\/p>\t\t\t\t\t\t<\/div>\n\t\t\t\t<\/div>\n\t\t\t\t\t<\/div>\n\t\t<\/div>\n\t\t\t\t<div class=\"elementor-column elementor-col-33 elementor-inner-column elementor-element elementor-element-991cbd\" data-id=\"991cbd\" data-element_type=\"column\">\n\t\t\t<div class=\"elementor-widget-wrap elementor-element-populated\">\n\t\t\t\t\t\t\t\t<div class=\"elementor-element elementor-element-34cfd2a2 elementor-widget elementor-widget-text-editor\" data-id=\"34cfd2a2\" data-element_type=\"widget\" data-widget_type=\"text-editor.default\">\n\t\t\t\t<div class=\"elementor-widget-container\">\n\t\t\t\t\t\t\t<p>indications of the most suitable materials for the selected formula, information that allows him to search for the final packaging easier and faster. At the discretion of the Laboratory, compatibility tests will be carried.<\/p>\t\t\t\t\t\t<\/div>\n\t\t\t\t<\/div>\n\t\t\t\t\t<\/div>\n\t\t<\/div>\n\t\t\t\t\t\t\t<\/div>\n\t\t<\/section>\n\t\t\t\t\t<\/div>\n\t\t<\/div>\n\t\t\t\t\t\t\t<\/div>\n\t\t<\/section>\n\t\t\t\t<section class=\"elementor-section elementor-top-section elementor-element elementor-element-19d3603 elementor-section-height-min-height elementor-section-boxed elementor-section-height-default elementor-section-items-middle\" data-id=\"19d3603\" data-element_type=\"section\" data-settings=\"{&quot;background_background&quot;:&quot;classic&quot;}\">\n\t\t\t\t\t\t<div class=\"elementor-container elementor-column-gap-default\">\n\t\t\t\t\t<div class=\"elementor-column elementor-col-100 elementor-top-column elementor-element elementor-element-06a2784\" data-id=\"06a2784\" data-element_type=\"column\">\n\t\t\t<div class=\"elementor-widget-wrap\">\n\t\t\t\t\t\t\t\t\t<\/div>\n\t\t<\/div>\n\t\t\t\t\t\t\t<\/div>\n\t\t<\/section>\n\t\t\t\t<section class=\"elementor-section elementor-top-section elementor-element elementor-element-7c4e4554 elementor-section-height-min-height elementor-section-items-top elementor-section-boxed elementor-section-height-default\" data-id=\"7c4e4554\" data-element_type=\"section\" data-settings=\"{&quot;background_background&quot;:&quot;classic&quot;}\">\n\t\t\t\t\t\t<div class=\"elementor-container elementor-column-gap-default\">\n\t\t\t\t\t<div class=\"elementor-column elementor-col-100 elementor-top-column elementor-element elementor-element-6d91adc7\" data-id=\"6d91adc7\" data-element_type=\"column\">\n\t\t\t<div class=\"elementor-widget-wrap elementor-element-populated\">\n\t\t\t\t\t\t\t\t<div class=\"elementor-element elementor-element-1199084 elementor-widget elementor-widget-heading\" data-id=\"1199084\" data-element_type=\"widget\" data-widget_type=\"heading.default\">\n\t\t\t\t<div class=\"elementor-widget-container\">\n\t\t\t<h2 class=\"elementor-heading-title elementor-size-default\">Everything 'tailor-made'<\/h2>\t\t<\/div>\n\t\t\t\t<\/div>\n\t\t\t\t<section class=\"elementor-section elementor-inner-section elementor-element elementor-element-152d168e elementor-section-boxed elementor-section-height-default elementor-section-height-default\" data-id=\"152d168e\" data-element_type=\"section\">\n\t\t\t\t\t\t<div class=\"elementor-container elementor-column-gap-default\">\n\t\t\t\t\t<div class=\"elementor-column elementor-col-25 elementor-inner-column elementor-element elementor-element-11c5d98\" data-id=\"11c5d98\" data-element_type=\"column\">\n\t\t\t<div class=\"elementor-widget-wrap elementor-element-populated\">\n\t\t\t\t\t\t\t\t<div class=\"elementor-element elementor-element-448b4276 elementor-widget elementor-widget-image\" data-id=\"448b4276\" data-element_type=\"widget\" data-widget_type=\"image.default\">\n\t\t\t\t<div class=\"elementor-widget-container\">\n\t\t\t<style>\/*! elementor - v3.11.5 - 14-03-2023 *\/\n.elementor-widget-image{text-align:center}.elementor-widget-image a{display:inline-block}.elementor-widget-image a img[src$=\".svg\"]{width:48px}.elementor-widget-image img{vertical-align:middle;display:inline-block}<\/style>\t\t\t\t\t\t\t\t\t\t\t\t<img loading=\"lazy\" decoding=\"async\" width=\"1024\" height=\"1024\" src=\"https:\/\/www.ibicosmetics.it\/wp-content\/uploads\/2021\/09\/biotecnologie-1024x1024.jpg\" class=\"attachment-large size-large wp-image-112\" alt=\"\" srcset=\"https:\/\/www.ibicosmetics.it\/wp-content\/uploads\/2021\/09\/biotecnologie-1024x1024.jpg 1024w, https:\/\/www.ibicosmetics.it\/wp-content\/uploads\/2021\/09\/biotecnologie-300x300.jpg 300w, https:\/\/www.ibicosmetics.it\/wp-content\/uploads\/2021\/09\/biotecnologie-150x150.jpg 150w, https:\/\/www.ibicosmetics.it\/wp-content\/uploads\/2021\/09\/biotecnologie-768x768.jpg 768w, https:\/\/www.ibicosmetics.it\/wp-content\/uploads\/2021\/09\/biotecnologie-1536x1536.jpg 1536w, https:\/\/www.ibicosmetics.it\/wp-content\/uploads\/2021\/09\/biotecnologie.jpg 1800w\" sizes=\"auto, (max-width: 1024px) 100vw, 1024px\" \/>\t\t\t\t\t\t\t\t\t\t\t\t\t\t\t<\/div>\n\t\t\t\t<\/div>\n\t\t\t\t<div class=\"elementor-element elementor-element-403270e1 elementor-widget elementor-widget-heading\" data-id=\"403270e1\" data-element_type=\"widget\" data-widget_type=\"heading.default\">\n\t\t\t\t<div class=\"elementor-widget-container\">\n\t\t\t<h2 class=\"elementor-heading-title elementor-size-default\"><a href=\"https:\/\/www.ibicosmetics.it\/en\/biotecnologie\/\">Biotechnology<\/a><\/h2>\t\t<\/div>\n\t\t\t\t<\/div>\n\t\t\t\t\t<\/div>\n\t\t<\/div>\n\t\t\t\t<div class=\"elementor-column elementor-col-25 elementor-inner-column elementor-element elementor-element-57813db2\" data-id=\"57813db2\" data-element_type=\"column\">\n\t\t\t<div class=\"elementor-widget-wrap elementor-element-populated\">\n\t\t\t\t\t\t\t\t<div class=\"elementor-element elementor-element-4112e66d elementor-widget elementor-widget-image\" data-id=\"4112e66d\" data-element_type=\"widget\" data-widget_type=\"image.default\">\n\t\t\t\t<div class=\"elementor-widget-container\">\n\t\t\t\t\t\t\t\t\t\t\t\t\t\t\t<img loading=\"lazy\" decoding=\"async\" width=\"1024\" height=\"1024\" src=\"https:\/\/www.ibicosmetics.it\/wp-content\/uploads\/2021\/09\/colore-1024x1024.jpg\" class=\"attachment-large size-large wp-image-146\" alt=\"\" srcset=\"https:\/\/www.ibicosmetics.it\/wp-content\/uploads\/2021\/09\/colore-1024x1024.jpg 1024w, https:\/\/www.ibicosmetics.it\/wp-content\/uploads\/2021\/09\/colore-300x300.jpg 300w, https:\/\/www.ibicosmetics.it\/wp-content\/uploads\/2021\/09\/colore-150x150.jpg 150w, https:\/\/www.ibicosmetics.it\/wp-content\/uploads\/2021\/09\/colore-768x768.jpg 768w, https:\/\/www.ibicosmetics.it\/wp-content\/uploads\/2021\/09\/colore-1536x1536.jpg 1536w, https:\/\/www.ibicosmetics.it\/wp-content\/uploads\/2021\/09\/colore-2048x2048.jpg 2048w\" sizes=\"auto, (max-width: 1024px) 100vw, 1024px\" \/>\t\t\t\t\t\t\t\t\t\t\t\t\t\t\t<\/div>\n\t\t\t\t<\/div>\n\t\t\t\t<div class=\"elementor-element elementor-element-40b89270 elementor-widget elementor-widget-heading\" data-id=\"40b89270\" data-element_type=\"widget\" data-widget_type=\"heading.default\">\n\t\t\t\t<div class=\"elementor-widget-container\">\n\t\t\t<h2 class=\"elementor-heading-title elementor-size-default\"><a href=\"https:\/\/www.ibicosmetics.it\/en\/colore\/\">Color<\/a><\/h2>\t\t<\/div>\n\t\t\t\t<\/div>\n\t\t\t\t\t<\/div>\n\t\t<\/div>\n\t\t\t\t<div class=\"elementor-column elementor-col-25 elementor-inner-column elementor-element elementor-element-49837453\" data-id=\"49837453\" data-element_type=\"column\">\n\t\t\t<div class=\"elementor-widget-wrap elementor-element-populated\">\n\t\t\t\t\t\t\t\t<div class=\"elementor-element elementor-element-7e72603c elementor-widget elementor-widget-image\" data-id=\"7e72603c\" data-element_type=\"widget\" data-widget_type=\"image.default\">\n\t\t\t\t<div class=\"elementor-widget-container\">\n\t\t\t\t\t\t\t\t\t\t\t\t\t\t\t<img loading=\"lazy\" decoding=\"async\" width=\"1024\" height=\"1024\" src=\"https:\/\/www.ibicosmetics.it\/wp-content\/uploads\/2021\/09\/full-service-1024x1024.jpg\" class=\"attachment-large size-large wp-image-106\" alt=\"\" srcset=\"https:\/\/www.ibicosmetics.it\/wp-content\/uploads\/2021\/09\/full-service-1024x1024.jpg 1024w, https:\/\/www.ibicosmetics.it\/wp-content\/uploads\/2021\/09\/full-service-300x300.jpg 300w, https:\/\/www.ibicosmetics.it\/wp-content\/uploads\/2021\/09\/full-service-150x150.jpg 150w, https:\/\/www.ibicosmetics.it\/wp-content\/uploads\/2021\/09\/full-service-768x768.jpg 768w, https:\/\/www.ibicosmetics.it\/wp-content\/uploads\/2021\/09\/full-service-1536x1536.jpg 1536w, https:\/\/www.ibicosmetics.it\/wp-content\/uploads\/2021\/09\/full-service-2048x2048.jpg 2048w\" sizes=\"auto, (max-width: 1024px) 100vw, 1024px\" \/>\t\t\t\t\t\t\t\t\t\t\t\t\t\t\t<\/div>\n\t\t\t\t<\/div>\n\t\t\t\t<div class=\"elementor-element elementor-element-291f5991 elementor-widget elementor-widget-heading\" data-id=\"291f5991\" data-element_type=\"widget\" data-widget_type=\"heading.default\">\n\t\t\t\t<div class=\"elementor-widget-container\">\n\t\t\t<h2 class=\"elementor-heading-title elementor-size-default\"><a href=\"https:\/\/www.ibicosmetics.it\/en\/full-service\/\">Full service<\/a><\/h2>\t\t<\/div>\n\t\t\t\t<\/div>\n\t\t\t\t\t<\/div>\n\t\t<\/div>\n\t\t\t\t<div class=\"elementor-column elementor-col-25 elementor-inner-column elementor-element elementor-element-3c1dd395\" data-id=\"3c1dd395\" data-element_type=\"column\" data-settings=\"{&quot;background_background&quot;:&quot;classic&quot;}\">\n\t\t\t<div class=\"elementor-widget-wrap elementor-element-populated\">\n\t\t\t\t\t\t\t\t<div class=\"elementor-element elementor-element-58501bcc elementor-widget elementor-widget-image\" data-id=\"58501bcc\" data-element_type=\"widget\" data-widget_type=\"image.default\">\n\t\t\t\t<div class=\"elementor-widget-container\">\n\t\t\t\t\t\t\t\t\t\t\t\t\t\t\t<img loading=\"lazy\" decoding=\"async\" width=\"1024\" height=\"1024\" src=\"https:\/\/www.ibicosmetics.it\/wp-content\/uploads\/2021\/09\/solo-bulk-1024x1024.jpg\" class=\"attachment-large size-large wp-image-203\" alt=\"\" srcset=\"https:\/\/www.ibicosmetics.it\/wp-content\/uploads\/2021\/09\/solo-bulk-1024x1024.jpg 1024w, https:\/\/www.ibicosmetics.it\/wp-content\/uploads\/2021\/09\/solo-bulk-300x300.jpg 300w, https:\/\/www.ibicosmetics.it\/wp-content\/uploads\/2021\/09\/solo-bulk-150x150.jpg 150w, https:\/\/www.ibicosmetics.it\/wp-content\/uploads\/2021\/09\/solo-bulk-768x768.jpg 768w, https:\/\/www.ibicosmetics.it\/wp-content\/uploads\/2021\/09\/solo-bulk-1536x1536.jpg 1536w, https:\/\/www.ibicosmetics.it\/wp-content\/uploads\/2021\/09\/solo-bulk-2048x2048.jpg 2048w\" sizes=\"auto, (max-width: 1024px) 100vw, 1024px\" \/>\t\t\t\t\t\t\t\t\t\t\t\t\t\t\t<\/div>\n\t\t\t\t<\/div>\n\t\t\t\t<div class=\"elementor-element elementor-element-372fdeb9 elementor-widget elementor-widget-heading\" data-id=\"372fdeb9\" data-element_type=\"widget\" data-widget_type=\"heading.default\">\n\t\t\t\t<div class=\"elementor-widget-container\">\n\t\t\t<h2 class=\"elementor-heading-title elementor-size-default\"><a href=\"https:\/\/www.ibicosmetics.it\/en\/solo-bulk\/\">Bulk<\/a><\/h2>\t\t<\/div>\n\t\t\t\t<\/div>\n\t\t\t\t\t<\/div>\n\t\t<\/div>\n\t\t\t\t\t\t\t<\/div>\n\t\t<\/section>\n\t\t\t\t\t<\/div>\n\t\t<\/div>\n\t\t\t\t\t\t\t<\/div>\n\t\t<\/section>\n\t\t\t\t<section class=\"elementor-section elementor-top-section elementor-element elementor-element-43c4821d elementor-section-height-min-height elementor-section-boxed elementor-section-height-default elementor-section-items-middle\" data-id=\"43c4821d\" data-element_type=\"section\" data-settings=\"{&quot;background_background&quot;:&quot;classic&quot;}\">\n\t\t\t\t\t\t<div class=\"elementor-container elementor-column-gap-default\">\n\t\t\t\t\t<div class=\"elementor-column elementor-col-100 elementor-top-column elementor-element elementor-element-5a771c8c\" data-id=\"5a771c8c\" data-element_type=\"column\">\n\t\t\t<div class=\"elementor-widget-wrap elementor-element-populated\">\n\t\t\t\t\t\t\t\t<div class=\"elementor-element elementor-element-33b62a2d elementor-widget elementor-widget-heading\" data-id=\"33b62a2d\" data-element_type=\"widget\" data-widget_type=\"heading.default\">\n\t\t\t\t<div class=\"elementor-widget-container\">\n\t\t\t<h2 class=\"elementor-heading-title elementor-size-default\">Join our Newsletter<\/h2>\t\t<\/div>\n\t\t\t\t<\/div>\n\t\t\t\t<div class=\"elementor-element elementor-element-604c6d5b elementor-widget elementor-widget-shortcode\" data-id=\"604c6d5b\" data-element_type=\"widget\" data-widget_type=\"shortcode.default\">\n\t\t\t\t<div class=\"elementor-widget-container\">\n\t\t\t\t\t<div class=\"elementor-shortcode\"><div class='fluentform fluentform_wrapper_3'><form data-form_id=\"3\" id=\"fluentform_3\" class=\"frm-fluent-form fluent_form_3 ff-el-form-top ff_form_instance_3_1 ff-form-loading\" data-form_instance=\"ff_form_instance_3_1\" method=\"POST\" action=\"\" ><fieldset style=\"border: none!important;margin: 0!important;padding: 0!important;background-color: transparent!important;                                 box-shadow: none!important;outline: none!important;\">\n                    <legend class=\"ff_screen_reader_title\" style=\"margin: 0!important;padding: 0!important;height: 0!important;text-indent: -999999px;width: 0!important;\">Form News Letter<\/legend><input type='hidden' name='__fluent_form_embded_post_id' value='68' \/><input type=\"hidden\" id=\"_fluentform_3_fluentformnonce\" name=\"_fluentform_3_fluentformnonce\" value=\"209b8e1f3e\" \/><input type=\"hidden\" name=\"_wp_http_referer\" value=\"\/en\/wp-json\/wp\/v2\/pages\/68\" \/><div data-name=\"ff_cn_id_1\"  class='ff-t-container ff-column-container ff_columns_total_2'><div class='ff-t-cell ff-t-column-1' style='flex-basis: 50%;'><div class='ff-el-group'><div class='ff-el-input--content'><input type=\"email\" name=\"email\" id=\"ff_3_email\" class=\"ff-el-form-control\" placeholder=\"Email\" data-name=\"email\"  aria-invalid=\"false\" aria-required=\"true\"><\/div><\/div><\/div><div class='ff-t-cell ff-t-column-2' style='flex-basis: 50%;'><div class='ff-el-group ff-text-left ff_submit_btn_wrapper ff_submit_btn_wrapper_custom'><button class=\"ff-btn ff-btn-submit ff-btn-md ff_btn_style wpf_has_custom_css\" type=\"submit\" name=\"custom_submit_button-3_1\" data-name=\"custom_submit_button-3_1\" >Subscribe<\/button><style>form.fluent_form_3 .wpf_has_custom_css.ff-btn-submit { background-color:rgba(68, 68, 68, 1);border-color:rgba(68, 68, 68, 1);color:#EACFC6;border-radius:100px;min-width:100%; }form.fluent_form_3 .wpf_has_custom_css.ff-btn-submit:hover { background-color:#ffffff;border-color:#409EFF;color:#409EFF;min-width:100%; } <\/style><\/div><\/div><\/div><div class='ff-el-group  ff-custom_html' data-name=\"custom_html-3_2\" ><p><b>Trattamento dati personali ai sensi del D.L. n.196\/03 e GDPR 679\/2016 e della normativa applicabile<\/b><\/p>\n<p><span style=\"font-weight: 400\">Per l\u2019iscrizione alla newsletter, i dati saranno trattati secondo quanto riportato nelle <a href=\"https:\/\/www.ibicosmetics.it\/en\/privacy-e-termini-di-servizio\/\">politiche sulla privacy e termini di utilizzo<\/a><\/span><span style=\"font-weight: 400\">.<\/span><\/p>\n<p><span style=\"font-weight: 400\">Acconsento a che i dati, anche telefonici e di posta elettronica, siano usati anche per finalit\u00e0 di segmentazione, per l'invio di offerte, sconti, promozioni e di omaggi, inviti a manifestazioni a premio personalizzate e attinenti agli interessi professionali e per effettuare ricerche di mercato volte a migliorare la qualit\u00e0 del servizio offerto. In caso di mancato consenso, non si riceveranno le proposte sopra indicate. \u201cMaggiori informazioni sono disponibili nelle <a href=\"https:\/\/www.ibicosmetics.it\/en\/privacy-e-termini-di-servizio\/\">politiche sulla privacy e termini di utilizzo<\/a><\/span><span style=\"font-weight: 400\">.<\/span><\/p><\/div><div class='ff-el-group'><div class='ff-el-input--content'><div class='ff-el-form-check ff-el-form-check-'><label class='ff-el-form-check-label' for=\"input_radio_799e17e051e52b052e904545e1dc7d03\"><input type=\"radio\" name=\"input_radio\" data-name=\"input_radio\" class=\"ff-el-form-check-input ff-el-form-check-radio\" value=\"Acconsento\"  id='input_radio_799e17e051e52b052e904545e1dc7d03' aria-label='Acconsento' aria-invalid='false' aria-required=\"true\"> <span>Acconsento<\/span><\/label><\/div><div class='ff-el-form-check ff-el-form-check-'><label class='ff-el-form-check-label' for=\"input_radio_02f00bc696e55d094baaba113fc6903e\"><input type=\"radio\" name=\"input_radio\" data-name=\"input_radio\" class=\"ff-el-form-check-input ff-el-form-check-radio\" value=\"Non acconsento\"  id='input_radio_02f00bc696e55d094baaba113fc6903e' aria-label='Non acconsento' aria-invalid='false' aria-required=\"true\"> <span>Non acconsento<\/span><\/label><\/div><\/div><\/div><\/fieldset><input type=\"hidden\" name=\"trp-form-language\" value=\"en\"\/><\/form><div id='fluentform_3_errors' class='ff-errors-in-stack ff_form_instance_3_1 ff-form-loading_errors ff_form_instance_3_1_errors'><\/div><\/div>        <script type=\"text\/javascript\">\n            window.fluent_form_ff_form_instance_3_1 = {\"id\":\"3\",\"settings\":{\"layout\":{\"labelPlacement\":\"top\",\"helpMessagePlacement\":\"with_label\",\"errorMessagePlacement\":\"inline\",\"asteriskPlacement\":\"asterisk-right\"},\"restrictions\":{\"denyEmptySubmission\":{\"enabled\":false}}},\"form_instance\":\"ff_form_instance_3_1\",\"form_id_selector\":\"fluentform_3\",\"rules\":{\"email\":{\"required\":{\"value\":true,\"message\":\"This field is required\"},\"email\":{\"value\":true,\"message\":\"This field must contain a valid email\"}},\"input_radio\":{\"required\":{\"value\":true,\"message\":\"Questo campo \\u00e8 richiesto.\"}}}};\n                    <\/script>\n        <\/div>\n\t\t\t\t<\/div>\n\t\t\t\t<\/div>\n\t\t\t\t\t<\/div>\n\t\t<\/div>\n\t\t\t\t\t\t\t<\/div>\n\t\t<\/section>\n\t\t\t\t\t\t\t<\/div>\n\t\t<p><\/p>","protected":false},"excerpt":{"rendered":"<p>Bulk + Filling Collaborazione e consulenza per il miglior risultato Con bulk and filling offriamo ai clienti la possibilit\u00e0 di andare in riempimento con il packaging da loro fornito. Questo a seguito di un attento studio di macchinabilit\u00e0. Anche in questo caso la trasparenza \u00e8 fondamentale: il cliente riceve indicazione dei materiali pi\u00f9 idonei alla &hellip;<\/p>\n<p class=\"read-more\"> <a class=\"\" href=\"https:\/\/www.ibicosmetics.it\/en\/bulkfilling\/\"> <span class=\"screen-reader-text\">Bulk+Filling<\/span> Read More &raquo;<\/a><\/p>","protected":false},"author":1,"featured_media":0,"parent":0,"menu_order":0,"comment_status":"closed","ping_status":"closed","template":"","meta":{"footnotes":""},"class_list":["post-68","page","type-page","status-publish","hentry"],"_links":{"self":[{"href":"https:\/\/www.ibicosmetics.it\/en\/wp-json\/wp\/v2\/pages\/68","targetHints":{"allow":["GET"]}}],"collection":[{"href":"https:\/\/www.ibicosmetics.it\/en\/wp-json\/wp\/v2\/pages"}],"about":[{"href":"https:\/\/www.ibicosmetics.it\/en\/wp-json\/wp\/v2\/types\/page"}],"author":[{"embeddable":true,"href":"https:\/\/www.ibicosmetics.it\/en\/wp-json\/wp\/v2\/users\/1"}],"replies":[{"embeddable":true,"href":"https:\/\/www.ibicosmetics.it\/en\/wp-json\/wp\/v2\/comments?post=68"}],"version-history":[{"count":40,"href":"https:\/\/www.ibicosmetics.it\/en\/wp-json\/wp\/v2\/pages\/68\/revisions"}],"predecessor-version":[{"id":1108,"href":"https:\/\/www.ibicosmetics.it\/en\/wp-json\/wp\/v2\/pages\/68\/revisions\/1108"}],"wp:attachment":[{"href":"https:\/\/www.ibicosmetics.it\/en\/wp-json\/wp\/v2\/media?parent=68"}],"curies":[{"name":"wp","href":"https:\/\/api.w.org\/{rel}","templated":true}]}}